{"id":1515,"date":"2021-04-22T20:03:53","date_gmt":"2021-04-22T23:03:53","guid":{"rendered":"https:\/\/ddk.com.br\/?page_id=1515"},"modified":"2021-04-22T20:17:31","modified_gmt":"2021-04-22T23:17:31","slug":"carta-apresentacao-ddk-engenharia-e-tecnologia","status":"publish","type":"page","link":"https:\/\/ddk.com.br\/index.php\/carta-apresentacao-ddk-engenharia-e-tecnologia\/","title":{"rendered":"Carta Apresenta\u00e7\u00e3o DDK engenharia e tecnologia"},"content":{"rendered":"\t\t<div data-elementor-type=\"wp-page\" data-elementor-id=\"1515\" class=\"elementor elementor-1515\">\n\t\t\t\t\t\t\t\t\t<section class=\"elementor-section elementor-top-section elementor-element elementor-element-1e31b0b elementor-section-height-full elementor-section-content-middle elementor-section-items-top elementor-section-boxed elementor-section-height-default\" data-id=\"1e31b0b\" data-element_type=\"section\" data-settings=\"{&quot;background_background&quot;:&quot;classic&quot;,&quot;shape_divider_bottom&quot;:&quot;tilt&quot;}\">\n\t\t\t\t\t<div class=\"elementor-shape elementor-shape-bottom\" data-negative=\"false\">\n\t\t\t<svg xmlns=\"http:\/\/www.w3.org\/2000\/svg\" viewBox=\"0 0 1000 100\" preserveAspectRatio=\"none\">\n\t<path class=\"elementor-shape-fill\" d=\"M0,6V0h1000v100L0,6z\"\/>\n<\/svg>\t\t<\/div>\n\t\t\t\t\t<div class=\"elementor-container elementor-column-gap-default\">\n\t\t\t\t\t<div class=\"elementor-column elementor-col-100 elementor-top-column elementor-element elementor-element-7ab28d5\" data-id=\"7ab28d5\" data-element_type=\"column\" data-settings=\"{&quot;background_background&quot;:&quot;classic&quot;}\">\n\t\t\t<div class=\"elementor-widget-wrap elementor-element-populated\">\n\t\t\t\t\t<div class=\"elementor-background-overlay\"><\/div>\n\t\t\t\t\t\t\t\t<div class=\"elementor-element elementor-element-290e1a9 elementor-widget elementor-widget-image\" data-id=\"290e1a9\" data-element_type=\"widget\" data-widget_type=\"image.default\">\n\t\t\t\t<div class=\"elementor-widget-container\">\n\t\t\t\t\t\t\t\t\t\t\t\t\t\t\t\t<a href=\"http:\/\/ddk.com.br\">\n\t\t\t\t\t\t\t<img loading=\"lazy\" decoding=\"async\" width=\"1200\" height=\"458\" src=\"https:\/\/ddk.com.br\/wp-content\/uploads\/2020\/11\/Logo-DDK-white.png\" class=\"attachment-full size-full wp-image-16\" alt=\"DDK-logo\" srcset=\"https:\/\/ddk.com.br\/wp-content\/uploads\/2020\/11\/Logo-DDK-white.png 1200w, https:\/\/ddk.com.br\/wp-content\/uploads\/2020\/11\/Logo-DDK-white-300x115.png 300w, https:\/\/ddk.com.br\/wp-content\/uploads\/2020\/11\/Logo-DDK-white-1024x391.png 1024w, https:\/\/ddk.com.br\/wp-content\/uploads\/2020\/11\/Logo-DDK-white-768x293.png 768w\" sizes=\"auto, (max-width: 1200px) 100vw, 1200px\" \/>\t\t\t\t\t\t\t\t<\/a>\n\t\t\t\t\t\t\t\t\t\t\t\t\t\t\t<\/div>\n\t\t\t\t<\/div>\n\t\t\t\t<div class=\"elementor-element elementor-element-1245cde elementor-widget elementor-widget-text-editor\" data-id=\"1245cde\" data-element_type=\"widget\" data-widget_type=\"text-editor.default\">\n\t\t\t\t<div class=\"elementor-widget-container\">\n\t\t\t\t\t\t\t<p>Em 1991, iniciamos a hist\u00f3ria da DDK Engenharia executando obras das mais diversas, at\u00e9 nos tornarmos refer\u00eancia na constru\u00e7\u00e3o de alto padr\u00e3o. Os pilares de uma obra bem executada s\u00e3o capacidade t\u00e9cnica, planejamento, compatibiliza\u00e7\u00e3o de informa\u00e7\u00f5es, an\u00e1lise de projetos e, principalmente, m\u00e3o de obra qualificada.<\/p>\n<p>A DDK tem especial aten\u00e7\u00e3o com o dia a dia da obra, por isso h\u00e1 sempre um respons\u00e1vel no local, que conta com o suporte integral e retaguarda de toda a equipe de profissionais da DDK para solucionar qualquer problema.<\/p>\n<p>Durante a obra, os profissionais da DDK compatibilizam o projeto arquitet\u00f4nico, planejam e atualizam o cronograma da obra, fiscalizam os servi\u00e7os, ajudam o cliente na contrata\u00e7\u00e3o dos servi\u00e7os com tomada de pre\u00e7os e suporte t\u00e9cnico e executam a gest\u00e3o da qualidade com auditorias internas e externas atrav\u00e9s do SiAC\/PBQP-H. Nosso objetivo \u00e9 ser um facilitador, garantindo a qualidade do resultado final desejado.<\/p>\n<p>Transpar\u00eancia e disponibilidade s\u00e3o valores que a DDK mais estima. Nossas rela\u00e7\u00f5es com cliente final, arquitetos, equipes e prestadores de servi\u00e7o s\u00e3o sempre muito claras e compartilhadas com toda a equipe inclusive com f\u00e1cil acesso a diretoria.<\/p>\n<p>O p\u00f3s-obra tamb\u00e9m \u00e9 uma preocupa\u00e7\u00e3o da DDK, temos um departamento de assist\u00eancia t\u00e9cnica para solucionar quest\u00f5es decorrentes do processo de constru\u00e7\u00e3o ou reforma.<\/p>\t\t\t\t\t\t<\/div>\n\t\t\t\t<\/div>\n\t\t\t\t<div class=\"elementor-element elementor-element-e16fa3c elementor-widget-divider--view-line elementor-widget elementor-widget-divider\" data-id=\"e16fa3c\" data-element_type=\"widget\" data-widget_type=\"divider.default\">\n\t\t\t\t<div class=\"elementor-widget-container\">\n\t\t\t\t\t<div class=\"elementor-divider\">\n\t\t\t<span class=\"elementor-divider-separator\">\n\t\t\t\t\t\t<\/span>\n\t\t<\/div>\n\t\t\t\t<\/div>\n\t\t\t\t<\/div>\n\t\t\t\t<div class=\"elementor-element elementor-element-976b674 elementor-widget elementor-widget-heading\" data-id=\"976b674\" data-element_type=\"widget\" data-widget_type=\"heading.default\">\n\t\t\t\t<div class=\"elementor-widget-container\">\n\t\t\t<h2 class=\"elementor-heading-title elementor-size-default\">Vamos conversar?<br>Abaixo, nossos canais de contato:<\/h2>\t\t<\/div>\n\t\t\t\t<\/div>\n\t\t\t\t<div class=\"elementor-element elementor-element-2a128a0 e-grid-align-mobile-center elementor-shape-rounded elementor-grid-0 e-grid-align-center elementor-widget elementor-widget-social-icons\" data-id=\"2a128a0\" data-element_type=\"widget\" data-widget_type=\"social-icons.default\">\n\t\t\t\t<div class=\"elementor-widget-container\">\n\t\t\t\t\t<div class=\"elementor-social-icons-wrapper elementor-grid\">\n\t\t\t\t\t\t\t<span class=\"elementor-grid-item\">\n\t\t\t\t\t<a class=\"elementor-icon elementor-social-icon elementor-social-icon-laptop elementor-animation-grow elementor-repeater-item-9242d5b\" href=\"http:\/\/ddk.com.br\" target=\"_blank\">\n\t\t\t\t\t\t<span class=\"elementor-screen-only\">Laptop<\/span>\n\t\t\t\t\t\t<i class=\"fas fa-laptop\"><\/i>\t\t\t\t\t<\/a>\n\t\t\t\t<\/span>\n\t\t\t\t\t\t\t<span class=\"elementor-grid-item\">\n\t\t\t\t\t<a class=\"elementor-icon elementor-social-icon elementor-social-icon-envelope elementor-animation-grow elementor-repeater-item-0b3f842\" href=\"mailto:dk@ddk.com.br\" target=\"_blank\">\n\t\t\t\t\t\t<span class=\"elementor-screen-only\">Envelope<\/span>\n\t\t\t\t\t\t<i class=\"fas fa-envelope\"><\/i>\t\t\t\t\t<\/a>\n\t\t\t\t<\/span>\n\t\t\t\t\t\t\t<span class=\"elementor-grid-item\">\n\t\t\t\t\t<a class=\"elementor-icon elementor-social-icon elementor-social-icon-facebook-f elementor-animation-grow elementor-repeater-item-g17ngqq\" href=\"https:\/\/www.facebook.com\/DDK-Engenharia-107816954387083\" target=\"_blank\">\n\t\t\t\t\t\t<span class=\"elementor-screen-only\">Facebook-f<\/span>\n\t\t\t\t\t\t<i class=\"fab fa-facebook-f\"><\/i>\t\t\t\t\t<\/a>\n\t\t\t\t<\/span>\n\t\t\t\t\t\t\t<span class=\"elementor-grid-item\">\n\t\t\t\t\t<a class=\"elementor-icon elementor-social-icon elementor-social-icon-instagram elementor-animation-grow elementor-repeater-item-acdz53w\" href=\"https:\/\/www.instagram.com\/ddk_engenharia\" target=\"_blank\">\n\t\t\t\t\t\t<span class=\"elementor-screen-only\">Instagram<\/span>\n\t\t\t\t\t\t<i class=\"fab fa-instagram\"><\/i>\t\t\t\t\t<\/a>\n\t\t\t\t<\/span>\n\t\t\t\t\t\t\t<span class=\"elementor-grid-item\">\n\t\t\t\t\t<a class=\"elementor-icon elementor-social-icon elementor-social-icon-linkedin-in elementor-animation-grow elementor-repeater-item-pnic2zm\" href=\"https:\/\/www.linkedin.com\/company\/69467824\/admin\/\" target=\"_blank\">\n\t\t\t\t\t\t<span class=\"elementor-screen-only\">Linkedin-in<\/span>\n\t\t\t\t\t\t<i class=\"fab fa-linkedin-in\"><\/i>\t\t\t\t\t<\/a>\n\t\t\t\t<\/span>\n\t\t\t\t\t<\/div>\n\t\t\t\t<\/div>\n\t\t\t\t<\/div>\n\t\t\t\t<div class=\"elementor-element elementor-element-585c77a elementor-widget elementor-widget-text-editor\" data-id=\"585c77a\" data-element_type=\"widget\" data-widget_type=\"text-editor.default\">\n\t\t\t\t<div class=\"elementor-widget-container\">\n\t\t\t\t\t\t\t<p>Rua Maraca\u00ed, 185 \u2013 Aclima\u00e7\u00e3o<br \/>S\u00e3o Paulo \u2013 SP<br \/>(11) 5090-1500<br \/>e-mail: ddk@ddk.com.br<\/p>\t\t\t\t\t\t<\/div>\n\t\t\t\t<\/div>\n\t\t\t\t<div class=\"elementor-element elementor-element-6689760 elementor-widget-divider--view-line elementor-widget elementor-widget-divider\" data-id=\"6689760\" data-element_type=\"widget\" data-widget_type=\"divider.default\">\n\t\t\t\t<div class=\"elementor-widget-container\">\n\t\t\t\t\t<div class=\"elementor-divider\">\n\t\t\t<span class=\"elementor-divider-separator\">\n\t\t\t\t\t\t<\/span>\n\t\t<\/div>\n\t\t\t\t<\/div>\n\t\t\t\t<\/div>\n\t\t\t\t<div class=\"elementor-element elementor-element-8e178d9 elementor-widget elementor-widget-heading\" data-id=\"8e178d9\" data-element_type=\"widget\" data-widget_type=\"heading.default\">\n\t\t\t\t<div class=\"elementor-widget-container\">\n\t\t\t<h2 class=\"elementor-heading-title elementor-size-default\">Certifica\u00e7\u00e3o\nPBQPH<\/h2>\t\t<\/div>\n\t\t\t\t<\/div>\n\t\t\t\t<section class=\"elementor-section elementor-inner-section elementor-element elementor-element-935fb12 elementor-section-boxed elementor-section-height-default elementor-section-height-default\" data-id=\"935fb12\" data-element_type=\"section\" data-settings=\"{&quot;background_background&quot;:&quot;classic&quot;}\">\n\t\t\t\t\t\t<div class=\"elementor-container elementor-column-gap-default\">\n\t\t\t\t\t<div class=\"elementor-column elementor-col-100 elementor-inner-column elementor-element elementor-element-d56d8ec\" data-id=\"d56d8ec\" data-element_type=\"column\">\n\t\t\t<div class=\"elementor-widget-wrap elementor-element-populated\">\n\t\t\t\t\t\t\t\t<div class=\"elementor-element elementor-element-c2f1e9b elementor-widget elementor-widget-image\" data-id=\"c2f1e9b\" data-element_type=\"widget\" data-widget_type=\"image.default\">\n\t\t\t\t<div class=\"elementor-widget-container\">\n\t\t\t\t\t\t\t\t\t\t\t\t\t\t\t<img loading=\"lazy\" decoding=\"async\" width=\"400\" height=\"281\" src=\"https:\/\/ddk.com.br\/wp-content\/uploads\/2021\/04\/logo_pbqph.png\" class=\"attachment-large size-large wp-image-1501\" alt=\"\" srcset=\"https:\/\/ddk.com.br\/wp-content\/uploads\/2021\/04\/logo_pbqph.png 400w, https:\/\/ddk.com.br\/wp-content\/uploads\/2021\/04\/logo_pbqph-300x211.png 300w\" sizes=\"auto, (max-width: 400px) 100vw, 400px\" \/>\t\t\t\t\t\t\t\t\t\t\t\t\t\t\t<\/div>\n\t\t\t\t<\/div>\n\t\t\t\t\t<\/div>\n\t\t<\/div>\n\t\t\t\t\t\t\t<\/div>\n\t\t<\/section>\n\t\t\t\t\t<\/div>\n\t\t<\/div>\n\t\t\t\t<div class=\"elementor-column elementor-col-100 elementor-top-column elementor-element elementor-element-6035922\" data-id=\"6035922\" data-element_type=\"column\" data-settings=\"{&quot;background_background&quot;:&quot;classic&quot;}\">\n\t\t\t<div class=\"elementor-widget-wrap elementor-element-populated\">\n\t\t\t\t\t<div class=\"elementor-background-overlay\"><\/div>\n\t\t\t\t\t\t\t\t<div class=\"elementor-element elementor-element-c2386b4 elementor-hidden-desktop elementor-hidden-tablet elementor-widget-divider--view-line elementor-widget elementor-widget-divider\" data-id=\"c2386b4\" data-element_type=\"widget\" data-widget_type=\"divider.default\">\n\t\t\t\t<div class=\"elementor-widget-container\">\n\t\t\t\t\t<div class=\"elementor-divider\">\n\t\t\t<span class=\"elementor-divider-separator\">\n\t\t\t\t\t\t<\/span>\n\t\t<\/div>\n\t\t\t\t<\/div>\n\t\t\t\t<\/div>\n\t\t\t\t<div class=\"elementor-element elementor-element-c7c528d elementor-widget elementor-widget-heading\" data-id=\"c7c528d\" data-element_type=\"widget\" data-widget_type=\"heading.default\">\n\t\t\t\t<div class=\"elementor-widget-container\">\n\t\t\t<h2 class=\"elementor-heading-title elementor-size-default\">portf\u00f3lio<\/h2>\t\t<\/div>\n\t\t\t\t<\/div>\n\t\t\t\t<section class=\"elementor-section elementor-inner-section elementor-element elementor-element-76ee3da elementor-section-boxed elementor-section-height-default elementor-section-height-default\" data-id=\"76ee3da\" data-element_type=\"section\" data-settings=\"{&quot;animation_mobile&quot;:&quot;none&quot;}\">\n\t\t\t\t\t\t<div class=\"elementor-container elementor-column-gap-default\">\n\t\t\t\t\t<div class=\"elementor-column elementor-col-50 elementor-inner-column elementor-element elementor-element-0af4c4d\" data-id=\"0af4c4d\" data-element_type=\"column\" data-settings=\"{&quot;background_background&quot;:&quot;classic&quot;}\">\n\t\t\t<div class=\"elementor-widget-wrap elementor-element-populated\">\n\t\t\t\t\t\t\t\t<div class=\"elementor-element elementor-element-2464cab elementor-invisible elementor-widget elementor-widget-image\" data-id=\"2464cab\" data-element_type=\"widget\" data-settings=\"{&quot;_animation&quot;:&quot;slideInDown&quot;,&quot;_animation_mobile&quot;:&quot;none&quot;}\" data-widget_type=\"image.default\">\n\t\t\t\t<div class=\"elementor-widget-container\">\n\t\t\t\t\t\t\t\t\t\t\t\t\t\t\t\t<a href=\"https:\/\/ddk.com.br\/index.php\/apartamentos\/\">\n\t\t\t\t\t\t\t<img loading=\"lazy\" decoding=\"async\" width=\"580\" height=\"388\" src=\"https:\/\/ddk.com.br\/wp-content\/uploads\/2020\/11\/DDK-engenharia-projeto-roberto-migotto-sala-de-tv-1024x685.jpg\" class=\"attachment-large size-large wp-image-19\" alt=\"\" srcset=\"https:\/\/ddk.com.br\/wp-content\/uploads\/2020\/11\/DDK-engenharia-projeto-roberto-migotto-sala-de-tv-1024x685.jpg 1024w, https:\/\/ddk.com.br\/wp-content\/uploads\/2020\/11\/DDK-engenharia-projeto-roberto-migotto-sala-de-tv-300x201.jpg 300w, https:\/\/ddk.com.br\/wp-content\/uploads\/2020\/11\/DDK-engenharia-projeto-roberto-migotto-sala-de-tv-768x514.jpg 768w, https:\/\/ddk.com.br\/wp-content\/uploads\/2020\/11\/DDK-engenharia-projeto-roberto-migotto-sala-de-tv-1200x803.jpg 1200w, https:\/\/ddk.com.br\/wp-content\/uploads\/2020\/11\/DDK-engenharia-projeto-roberto-migotto-sala-de-tv.jpg 1338w\" sizes=\"auto, (max-width: 580px) 100vw, 580px\" \/>\t\t\t\t\t\t\t\t<\/a>\n\t\t\t\t\t\t\t\t\t\t\t\t\t\t\t<\/div>\n\t\t\t\t<\/div>\n\t\t\t\t<div class=\"elementor-element elementor-element-ba71872 elementor-widget elementor-widget-text-editor\" data-id=\"ba71872\" data-element_type=\"widget\" data-widget_type=\"text-editor.default\">\n\t\t\t\t<div class=\"elementor-widget-container\">\n\t\t\t\t\t\t\t<p>Apartamentos<\/p>\t\t\t\t\t\t<\/div>\n\t\t\t\t<\/div>\n\t\t\t\t\t<\/div>\n\t\t<\/div>\n\t\t\t\t<div class=\"elementor-column elementor-col-50 elementor-inner-column elementor-element elementor-element-f00cced\" data-id=\"f00cced\" data-element_type=\"column\" data-settings=\"{&quot;background_background&quot;:&quot;classic&quot;}\">\n\t\t\t<div class=\"elementor-widget-wrap elementor-element-populated\">\n\t\t\t\t\t\t\t\t<div class=\"elementor-element elementor-element-06425a9 elementor-invisible elementor-widget elementor-widget-image\" data-id=\"06425a9\" data-element_type=\"widget\" data-settings=\"{&quot;_animation&quot;:&quot;slideInDown&quot;,&quot;_animation_mobile&quot;:&quot;none&quot;}\" data-widget_type=\"image.default\">\n\t\t\t\t<div class=\"elementor-widget-container\">\n\t\t\t\t\t\t\t\t\t\t\t\t\t\t\t\t<a href=\"https:\/\/ddk.com.br\/index.php\/casas\/\">\n\t\t\t\t\t\t\t<img loading=\"lazy\" decoding=\"async\" width=\"551\" height=\"413\" src=\"https:\/\/ddk.com.br\/wp-content\/uploads\/2021\/01\/sala_jardim_paulistano_rocco_associados_ddk_engenharia.jpg\" class=\"attachment-large size-large wp-image-460\" alt=\"\" srcset=\"https:\/\/ddk.com.br\/wp-content\/uploads\/2021\/01\/sala_jardim_paulistano_rocco_associados_ddk_engenharia.jpg 551w, https:\/\/ddk.com.br\/wp-content\/uploads\/2021\/01\/sala_jardim_paulistano_rocco_associados_ddk_engenharia-300x225.jpg 300w\" sizes=\"auto, (max-width: 551px) 100vw, 551px\" \/>\t\t\t\t\t\t\t\t<\/a>\n\t\t\t\t\t\t\t\t\t\t\t\t\t\t\t<\/div>\n\t\t\t\t<\/div>\n\t\t\t\t<div class=\"elementor-element elementor-element-bcd3069 elementor-widget elementor-widget-text-editor\" data-id=\"bcd3069\" data-element_type=\"widget\" data-widget_type=\"text-editor.default\">\n\t\t\t\t<div class=\"elementor-widget-container\">\n\t\t\t\t\t\t\t<p>Casas<\/p>\t\t\t\t\t\t<\/div>\n\t\t\t\t<\/div>\n\t\t\t\t\t<\/div>\n\t\t<\/div>\n\t\t\t\t\t\t\t<\/div>\n\t\t<\/section>\n\t\t\t\t<section class=\"elementor-section elementor-inner-section elementor-element elementor-element-087708d elementor-section-boxed elementor-section-height-default elementor-section-height-default\" data-id=\"087708d\" data-element_type=\"section\" data-settings=\"{&quot;animation_mobile&quot;:&quot;none&quot;}\">\n\t\t\t\t\t\t<div class=\"elementor-container elementor-column-gap-default\">\n\t\t\t\t\t<div class=\"elementor-column elementor-col-50 elementor-inner-column elementor-element elementor-element-4e15f08\" data-id=\"4e15f08\" data-element_type=\"column\" data-settings=\"{&quot;background_background&quot;:&quot;classic&quot;}\">\n\t\t\t<div class=\"elementor-widget-wrap elementor-element-populated\">\n\t\t\t\t\t\t\t\t<div class=\"elementor-element elementor-element-c47d1c0 elementor-invisible elementor-widget elementor-widget-image\" data-id=\"c47d1c0\" data-element_type=\"widget\" data-settings=\"{&quot;_animation&quot;:&quot;slideInDown&quot;,&quot;_animation_mobile&quot;:&quot;none&quot;}\" data-widget_type=\"image.default\">\n\t\t\t\t<div class=\"elementor-widget-container\">\n\t\t\t\t\t\t\t\t\t\t\t\t\t\t\t\t<a href=\"https:\/\/ddk.com.br\/index.php\/comerciais\/\">\n\t\t\t\t\t\t\t<img loading=\"lazy\" decoding=\"async\" width=\"551\" height=\"413\" src=\"https:\/\/ddk.com.br\/wp-content\/uploads\/2020\/11\/DDK-engenharia-comercial.jpg\" class=\"attachment-large size-large wp-image-38\" alt=\"\" srcset=\"https:\/\/ddk.com.br\/wp-content\/uploads\/2020\/11\/DDK-engenharia-comercial.jpg 551w, https:\/\/ddk.com.br\/wp-content\/uploads\/2020\/11\/DDK-engenharia-comercial-300x225.jpg 300w\" sizes=\"auto, (max-width: 551px) 100vw, 551px\" \/>\t\t\t\t\t\t\t\t<\/a>\n\t\t\t\t\t\t\t\t\t\t\t\t\t\t\t<\/div>\n\t\t\t\t<\/div>\n\t\t\t\t<div class=\"elementor-element elementor-element-0412211 elementor-widget elementor-widget-text-editor\" data-id=\"0412211\" data-element_type=\"widget\" data-widget_type=\"text-editor.default\">\n\t\t\t\t<div class=\"elementor-widget-container\">\n\t\t\t\t\t\t\t<p>Comercial<\/p>\t\t\t\t\t\t<\/div>\n\t\t\t\t<\/div>\n\t\t\t\t\t<\/div>\n\t\t<\/div>\n\t\t\t\t<div class=\"elementor-column elementor-col-50 elementor-inner-column elementor-element elementor-element-7b7abf7\" data-id=\"7b7abf7\" data-element_type=\"column\" data-settings=\"{&quot;background_background&quot;:&quot;classic&quot;}\">\n\t\t\t<div class=\"elementor-widget-wrap elementor-element-populated\">\n\t\t\t\t\t\t\t\t<div class=\"elementor-element elementor-element-040b6cf elementor-invisible elementor-widget elementor-widget-image\" data-id=\"040b6cf\" data-element_type=\"widget\" data-settings=\"{&quot;_animation&quot;:&quot;slideInDown&quot;,&quot;_animation_mobile&quot;:&quot;none&quot;}\" data-widget_type=\"image.default\">\n\t\t\t\t<div class=\"elementor-widget-container\">\n\t\t\t\t\t\t\t\t\t\t\t\t\t\t\t\t<a href=\"https:\/\/ddk.com.br\/index.php\/corporativos\/\">\n\t\t\t\t\t\t\t<img loading=\"lazy\" decoding=\"async\" width=\"580\" height=\"386\" src=\"https:\/\/ddk.com.br\/wp-content\/uploads\/2020\/11\/DDK-engenharia-corporarivo-gardz.jpg\" class=\"attachment-large size-large wp-image-39\" alt=\"\" srcset=\"https:\/\/ddk.com.br\/wp-content\/uploads\/2020\/11\/DDK-engenharia-corporarivo-gardz.jpg 620w, https:\/\/ddk.com.br\/wp-content\/uploads\/2020\/11\/DDK-engenharia-corporarivo-gardz-300x200.jpg 300w\" sizes=\"auto, (max-width: 580px) 100vw, 580px\" \/>\t\t\t\t\t\t\t\t<\/a>\n\t\t\t\t\t\t\t\t\t\t\t\t\t\t\t<\/div>\n\t\t\t\t<\/div>\n\t\t\t\t<div class=\"elementor-element elementor-element-39d0a08 elementor-widget elementor-widget-text-editor\" data-id=\"39d0a08\" data-element_type=\"widget\" data-widget_type=\"text-editor.default\">\n\t\t\t\t<div class=\"elementor-widget-container\">\n\t\t\t\t\t\t\t<p class=\"p1\"><span class=\"s1\">Corporativo<\/span><\/p>\t\t\t\t\t\t<\/div>\n\t\t\t\t<\/div>\n\t\t\t\t\t<\/div>\n\t\t<\/div>\n\t\t\t\t\t\t\t<\/div>\n\t\t<\/section>\n\t\t\t\t<section class=\"elementor-section elementor-inner-section elementor-element elementor-element-127bea1 elementor-section-boxed elementor-section-height-default elementor-section-height-default\" data-id=\"127bea1\" data-element_type=\"section\" data-settings=\"{&quot;animation_mobile&quot;:&quot;none&quot;}\">\n\t\t\t\t\t\t<div class=\"elementor-container elementor-column-gap-default\">\n\t\t\t\t\t<div class=\"elementor-column elementor-col-100 elementor-inner-column elementor-element elementor-element-e806e4c\" data-id=\"e806e4c\" data-element_type=\"column\">\n\t\t\t<div class=\"elementor-widget-wrap elementor-element-populated\">\n\t\t\t\t\t\t\t\t<div class=\"elementor-element elementor-element-a079a07 elementor-invisible elementor-widget elementor-widget-image\" data-id=\"a079a07\" data-element_type=\"widget\" data-settings=\"{&quot;_animation&quot;:&quot;slideInDown&quot;,&quot;_animation_mobile&quot;:&quot;none&quot;}\" data-widget_type=\"image.default\">\n\t\t\t\t<div class=\"elementor-widget-container\">\n\t\t\t\t\t\t\t\t\t\t\t\t\t\t\t\t<a href=\"https:\/\/ddk.com.br\/index.php\/mostra-e-decoracao\/\">\n\t\t\t\t\t\t\t<img loading=\"lazy\" decoding=\"async\" width=\"580\" height=\"387\" src=\"https:\/\/ddk.com.br\/wp-content\/uploads\/2021\/03\/mostra_black-DDK-mostras_e_eventos-1024x683.jpg\" class=\"attachment-large size-large wp-image-1184\" alt=\"\" srcset=\"https:\/\/ddk.com.br\/wp-content\/uploads\/2021\/03\/mostra_black-DDK-mostras_e_eventos-1024x683.jpg 1024w, https:\/\/ddk.com.br\/wp-content\/uploads\/2021\/03\/mostra_black-DDK-mostras_e_eventos-300x200.jpg 300w, https:\/\/ddk.com.br\/wp-content\/uploads\/2021\/03\/mostra_black-DDK-mostras_e_eventos-768x512.jpg 768w, https:\/\/ddk.com.br\/wp-content\/uploads\/2021\/03\/mostra_black-DDK-mostras_e_eventos-1536x1024.jpg 1536w, https:\/\/ddk.com.br\/wp-content\/uploads\/2021\/03\/mostra_black-DDK-mostras_e_eventos-2048x1365.jpg 2048w, https:\/\/ddk.com.br\/wp-content\/uploads\/2021\/03\/mostra_black-DDK-mostras_e_eventos-1200x800.jpg 1200w, https:\/\/ddk.com.br\/wp-content\/uploads\/2021\/03\/mostra_black-DDK-mostras_e_eventos-1980x1320.jpg 1980w\" sizes=\"auto, (max-width: 580px) 100vw, 580px\" \/>\t\t\t\t\t\t\t\t<\/a>\n\t\t\t\t\t\t\t\t\t\t\t\t\t\t\t<\/div>\n\t\t\t\t<\/div>\n\t\t\t\t<div class=\"elementor-element elementor-element-0174c49 elementor-widget elementor-widget-text-editor\" data-id=\"0174c49\" data-element_type=\"widget\" data-widget_type=\"text-editor.default\">\n\t\t\t\t<div class=\"elementor-widget-container\">\n\t\t\t\t\t\t\t<p class=\"p1\"><span class=\"s1\">Mostra e Decora\u00e7\u00e3o<\/span><\/p>\t\t\t\t\t\t<\/div>\n\t\t\t\t<\/div>\n\t\t\t\t\t<\/div>\n\t\t<\/div>\n\t\t\t\t\t\t\t<\/div>\n\t\t<\/section>\n\t\t\t\t\t<\/div>\n\t\t<\/div>\n\t\t\t\t\t\t\t<\/div>\n\t\t<\/section>\n\t\t\t\t\t\t\t<\/div>\n\t\t","protected":false},"excerpt":{"rendered":"<p>Em 1991, iniciamos a hist\u00f3ria da DDK Engenharia executando obras das mais diversas, at\u00e9 nos tornarmos refer\u00eancia na constru\u00e7\u00e3o de alto padr\u00e3o. Os pilares de uma obra bem executada s\u00e3o capacidade t\u00e9cnica, planejamento, compatibiliza\u00e7\u00e3o de informa\u00e7\u00f5es, an\u00e1lise de projetos e, principalmente, m\u00e3o de obra qualificada. A DDK tem especial aten\u00e7\u00e3o com o dia a dia [&hellip;]<\/p>\n","protected":false},"author":1,"featured_media":913,"parent":0,"menu_order":0,"comment_status":"closed","ping_status":"closed","template":"elementor_canvas","meta":{"footnotes":""},"class_list":["post-1515","page","type-page","status-publish","has-post-thumbnail","hentry"],"_links":{"self":[{"href":"https:\/\/ddk.com.br\/index.php\/wp-json\/wp\/v2\/pages\/1515","targetHints":{"allow":["GET"]}}],"collection":[{"href":"https:\/\/ddk.com.br\/index.php\/wp-json\/wp\/v2\/pages"}],"about":[{"href":"https:\/\/ddk.com.br\/index.php\/wp-json\/wp\/v2\/types\/page"}],"author":[{"embeddable":true,"href":"https:\/\/ddk.com.br\/index.php\/wp-json\/wp\/v2\/users\/1"}],"replies":[{"embeddable":true,"href":"https:\/\/ddk.com.br\/index.php\/wp-json\/wp\/v2\/comments?post=1515"}],"version-history":[{"count":10,"href":"https:\/\/ddk.com.br\/index.php\/wp-json\/wp\/v2\/pages\/1515\/revisions"}],"predecessor-version":[{"id":1526,"href":"https:\/\/ddk.com.br\/index.php\/wp-json\/wp\/v2\/pages\/1515\/revisions\/1526"}],"wp:featuredmedia":[{"embeddable":true,"href":"https:\/\/ddk.com.br\/index.php\/wp-json\/wp\/v2\/media\/913"}],"wp:attachment":[{"href":"https:\/\/ddk.com.br\/index.php\/wp-json\/wp\/v2\/media?parent=1515"}],"curies":[{"name":"wp","href":"https:\/\/api.w.org\/{rel}","templated":true}]}}